{"id":7889,"date":"2016-07-04T10:18:12","date_gmt":"2016-07-04T08:18:12","guid":{"rendered":"https:\/\/www.haufe-akademie.de\/blog\/?page_id=7889"},"modified":"2016-08-18T09:55:45","modified_gmt":"2016-08-18T07:55:45","slug":"studie-digitales-lernen","status":"publish","type":"page","link":"https:\/\/www.haufe-akademie.de\/blog\/studie-digitales-lernen\/","title":{"rendered":"Studie Digitales Lernen"},"content":{"rendered":"<h2>Digitales Lernen erfolgreich gestalten<\/h2>\n<p>&nbsp;<\/p>\n<p><img loading=\"lazy\" decoding=\"async\" class=\"alignnone size-medium wp-image-7894\" style=\"float: left; margin: 0px 25px 25px 0px;\" src=\"https:\/\/www.haufe-akademie.de\/blog\/wp-content\/uploads\/2016\/06\/studie-digitales-lernen-teaser-300x245.jpg\" alt=\"studie-digitales-lernen-teaser\" width=\"300\" height=\"245\" srcset=\"https:\/\/www.haufe-akademie.de\/blog\/wp-content\/uploads\/2016\/06\/studie-digitales-lernen-teaser-150x123@2x.jpg 300w, https:\/\/www.haufe-akademie.de\/blog\/wp-content\/uploads\/2016\/06\/studie-digitales-lernen-teaser-150x123.jpg 150w, https:\/\/www.haufe-akademie.de\/blog\/wp-content\/uploads\/2016\/06\/studie-digitales-lernen-teaser.jpg 481w\" sizes=\"auto, (max-width: 300px) 100vw, 300px\" \/><br \/>\nWie und f\u00fcr wen setzen Unternehmen erfolgreich digitales Lernen ein? Welche positiven Effekte sind wichtig? Und welche Hindernisse gibt es f\u00fcr den weitreichenden Einsatz?<\/p>\n<p>Antworten liefern die Ergebnisse der zweite europ\u00e4ische Benchmark-Studie der Haufe Akademie und CrossKnowledge.\u00a0 F\u00fcr die Studie wurden im Zeitraum von Juni bis Oktober 2015 in sieben europ\u00e4ischen L\u00e4ndern 114 Verantwortliche aus der Personalentwicklung sowie Aus- und Weiterbildung online befragt.<\/p>\n<p><a class=\"sc-button\" style=\"background: #11376c; color: #fff;\" href=\"https:\/\/www.haufe-akademie.de\/shoppingcart\/add=61169576&amp;type=4\">Laden Sie jetzt die komplette Studie kostenlos runter<\/a><\/p>\n<p>&nbsp;<\/p>\n<p>&nbsp;<\/p>\n<p>&nbsp;<\/p>\n","protected":false},"excerpt":{"rendered":"<p>Digitales Lernen erfolgreich gestalten &nbsp; Wie und f\u00fcr wen setzen Unternehmen erfolgreich digitales Lernen ein? Welche positiven Effekte sind wichtig? Und welche Hindernisse gibt es f\u00fcr den weitreichenden Einsatz? Antworten liefern die Ergebnisse der zweite europ\u00e4ische Benchmark-Studie der Haufe Akademie und CrossKnowledge.\u00a0 F\u00fcr die Studie wurden im Zeitraum von Juni bis Oktober 2015 in sieben<\/p>\n<div class=\"pageReadMore\"><i class=\"fa fa-angle-right\"><\/i><a href=\"https:\/\/www.haufe-akademie.de\/blog\/studie-digitales-lernen\/\" title=\"Beitrag lesen\">Beitrag lesen<\/a><\/div>\n","protected":false},"author":3,"featured_media":0,"parent":0,"menu_order":0,"comment_status":"closed","ping_status":"closed","template":"page-blocks.php","meta":{"_acf_changed":false,"_lmt_disableupdate":"","_lmt_disable":"","footnotes":""},"class_list":["post-7889","page","type-page","status-publish"],"acf":[],"yoast_head":"<!-- This site is optimized with the Yoast SEO plugin v27.1.1 - https:\/\/yoast.com\/product\/yoast-seo-wordpress\/ -->\n<title>Studie Digitales Lernen - Haufe Akademie<\/title>\n<meta name=\"robots\" content=\"noindex, nofollow\" \/>\n<meta property=\"og:locale\" content=\"de_DE\" \/>\n<meta property=\"og:type\" content=\"article\" \/>\n<meta property=\"og:title\" content=\"Studie Digitales Lernen - Haufe Akademie\" \/>\n<meta property=\"og:description\" content=\"Digitales Lernen erfolgreich gestalten &nbsp; Wie und f\u00fcr wen setzen Unternehmen erfolgreich digitales Lernen ein? Welche positiven Effekte sind wichtig? Und welche Hindernisse gibt es f\u00fcr den weitreichenden Einsatz? Antworten liefern die Ergebnisse der zweite europ\u00e4ische Benchmark-Studie der Haufe Akademie und CrossKnowledge.\u00a0 F\u00fcr die Studie wurden im Zeitraum von Juni bis Oktober 2015 in siebenBeitrag lesen\" \/>\n<meta property=\"og:url\" content=\"https:\/\/www.haufe-akademie.de\/blog\/studie-digitales-lernen\/\" \/>\n<meta property=\"og:site_name\" content=\"Haufe Akademie\" \/>\n<meta property=\"article:publisher\" content=\"https:\/\/www.facebook.com\/HaufeAkademie\" \/>\n<meta property=\"article:modified_time\" content=\"2016-08-18T07:55:45+00:00\" \/>\n<meta property=\"og:image\" content=\"https:\/\/www.haufe-akademie.de\/blog\/wp-content\/uploads\/2016\/06\/studie-digitales-lernen-teaser.jpg\" \/>\n\t<meta property=\"og:image:width\" content=\"481\" \/>\n\t<meta property=\"og:image:height\" content=\"393\" \/>\n\t<meta property=\"og:image:type\" content=\"image\/jpeg\" \/>\n<meta name=\"twitter:card\" content=\"summary_large_image\" \/>\n<meta name=\"twitter:site\" content=\"@HaufeAkademie\" \/>\n<meta name=\"twitter:label1\" content=\"Verfasst von\" \/>\n\t<meta name=\"twitter:data1\" content=\"\" \/>\n\t<meta name=\"twitter:label2\" content=\"Gesch\u00e4tzte Lesezeit\" \/>\n\t<meta name=\"twitter:data2\" content=\" Minuten\" \/>\n<!-- \/ Yoast SEO plugin. -->","yoast_head_json":{"title":"Studie Digitales Lernen - Haufe Akademie","robots":{"index":"noindex","follow":"nofollow"},"og_locale":"de_DE","og_type":"article","og_title":"Studie Digitales Lernen - Haufe Akademie","og_description":"Digitales Lernen erfolgreich gestalten &nbsp; Wie und f\u00fcr wen setzen Unternehmen erfolgreich digitales Lernen ein? Welche positiven Effekte sind wichtig? Und welche Hindernisse gibt es f\u00fcr den weitreichenden Einsatz? Antworten liefern die Ergebnisse der zweite europ\u00e4ische Benchmark-Studie der Haufe Akademie und CrossKnowledge.\u00a0 F\u00fcr die Studie wurden im Zeitraum von Juni bis Oktober 2015 in siebenBeitrag lesen","og_url":"https:\/\/www.haufe-akademie.de\/blog\/studie-digitales-lernen\/","og_site_name":"Haufe Akademie","article_publisher":"https:\/\/www.facebook.com\/HaufeAkademie","article_modified_time":"2016-08-18T07:55:45+00:00","og_image":[{"width":481,"height":393,"url":"https:\/\/www.haufe-akademie.de\/blog\/wp-content\/uploads\/2016\/06\/studie-digitales-lernen-teaser.jpg","type":"image\/jpeg"}],"twitter_card":"summary_large_image","twitter_site":"@HaufeAkademie","twitter_misc":{"Verfasst von":"","Gesch\u00e4tzte Lesezeit":" Minuten"},"schema":{"@context":"https:\/\/schema.org","@graph":[{"@type":"WebPage","@id":"https:\/\/www.haufe-akademie.de\/blog\/studie-digitales-lernen\/","url":"https:\/\/www.haufe-akademie.de\/blog\/studie-digitales-lernen\/","name":"Studie Digitales Lernen - Haufe Akademie","isPartOf":{"@id":"https:\/\/www.haufe-akademie.de\/blog\/#website"},"primaryImageOfPage":{"@id":"https:\/\/www.haufe-akademie.de\/blog\/studie-digitales-lernen\/#primaryimage"},"image":{"@id":"https:\/\/www.haufe-akademie.de\/blog\/studie-digitales-lernen\/#primaryimage"},"thumbnailUrl":"https:\/\/www.haufe-akademie.de\/blog\/wp-content\/uploads\/2016\/06\/studie-digitales-lernen-teaser-300x245.jpg","datePublished":"2016-07-04T08:18:12+00:00","dateModified":"2016-08-18T07:55:45+00:00","breadcrumb":{"@id":"https:\/\/www.haufe-akademie.de\/blog\/studie-digitales-lernen\/#breadcrumb"},"inLanguage":"de-DE","potentialAction":[{"@type":"ReadAction","target":["https:\/\/www.haufe-akademie.de\/blog\/studie-digitales-lernen\/"]}]},{"@type":"ImageObject","inLanguage":"de-DE","@id":"https:\/\/www.haufe-akademie.de\/blog\/studie-digitales-lernen\/#primaryimage","url":"https:\/\/www.haufe-akademie.de\/blog\/wp-content\/uploads\/2016\/06\/studie-digitales-lernen-teaser.jpg","contentUrl":"https:\/\/www.haufe-akademie.de\/blog\/wp-content\/uploads\/2016\/06\/studie-digitales-lernen-teaser.jpg","width":481,"height":393},{"@type":"BreadcrumbList","@id":"https:\/\/www.haufe-akademie.de\/blog\/studie-digitales-lernen\/#breadcrumb","itemListElement":[{"@type":"ListItem","position":1,"name":"Home","item":"https:\/\/www.haufe-akademie.de\/blog\/"},{"@type":"ListItem","position":2,"name":"Studie Digitales Lernen"}]},{"@type":"WebSite","@id":"https:\/\/www.haufe-akademie.de\/blog\/#website","url":"https:\/\/www.haufe-akademie.de\/blog\/","name":"Haufe Akademie","description":"","publisher":{"@id":"https:\/\/www.haufe-akademie.de\/blog\/#organization"},"potentialAction":[{"@type":"SearchAction","target":{"@type":"EntryPoint","urlTemplate":"https:\/\/www.haufe-akademie.de\/blog\/?s={search_term_string}"},"query-input":{"@type":"PropertyValueSpecification","valueRequired":true,"valueName":"search_term_string"}}],"inLanguage":"de-DE"},{"@type":"Organization","@id":"https:\/\/www.haufe-akademie.de\/blog\/#organization","name":"Haufe Akademie","url":"https:\/\/www.haufe-akademie.de\/blog\/","logo":{"@type":"ImageObject","inLanguage":"de-DE","@id":"https:\/\/www.haufe-akademie.de\/blog\/#\/schema\/logo\/image\/","url":"https:\/\/www.haufe-akademie.de\/blog\/wp-content\/uploads\/2024\/06\/favicon_haufe.png","contentUrl":"https:\/\/www.haufe-akademie.de\/blog\/wp-content\/uploads\/2024\/06\/favicon_haufe.png","width":144,"height":144,"caption":"Haufe Akademie"},"image":{"@id":"https:\/\/www.haufe-akademie.de\/blog\/#\/schema\/logo\/image\/"},"sameAs":["https:\/\/www.facebook.com\/HaufeAkademie","https:\/\/x.com\/HaufeAkademie"]}]}},"jetpack_sharing_enabled":true,"amp_enabled":false,"_links":{"self":[{"href":"https:\/\/www.haufe-akademie.de\/blog\/wp-json\/wp\/v2\/pages\/7889","targetHints":{"allow":["GET"]}}],"collection":[{"href":"https:\/\/www.haufe-akademie.de\/blog\/wp-json\/wp\/v2\/pages"}],"about":[{"href":"https:\/\/www.haufe-akademie.de\/blog\/wp-json\/wp\/v2\/types\/page"}],"author":[{"embeddable":true,"href":"https:\/\/www.haufe-akademie.de\/blog\/wp-json\/wp\/v2\/users\/3"}],"replies":[{"embeddable":true,"href":"https:\/\/www.haufe-akademie.de\/blog\/wp-json\/wp\/v2\/comments?post=7889"}],"version-history":[{"count":18,"href":"https:\/\/www.haufe-akademie.de\/blog\/wp-json\/wp\/v2\/pages\/7889\/revisions"}],"predecessor-version":[{"id":8087,"href":"https:\/\/www.haufe-akademie.de\/blog\/wp-json\/wp\/v2\/pages\/7889\/revisions\/8087"}],"wp:attachment":[{"href":"https:\/\/www.haufe-akademie.de\/blog\/wp-json\/wp\/v2\/media?parent=7889"}],"curies":[{"name":"wp","href":"https:\/\/api.w.org\/{rel}","templated":true}]}}